{"id":16,"date":"2024-09-05T09:21:32","date_gmt":"2024-09-05T09:21:32","guid":{"rendered":"https:\/\/lospajarosdemicabeza.com\/?page_id=16"},"modified":"2024-09-05T10:46:11","modified_gmt":"2024-09-05T10:46:11","slug":"contacto","status":"publish","type":"page","link":"https:\/\/lospajarosdemicabeza.com\/?page_id=16","title":{"rendered":"Contacto"},"content":{"rendered":"\n<p>Te invito desde ya a que dejes aqu\u00ed tus impresiones, tus ideas, tus p\u00e1jaros en la cabeza\u2026<\/p>\n\n\n\n<div class=\"wp-block-contact-form-7-contact-form-selector\">\n<div class=\"wpcf7 no-js\" id=\"wpcf7-f39-o1\" lang=\"es-ES\" dir=\"ltr\">\n<div class=\"screen-reader-response\"><p role=\"status\" aria-live=\"polite\" aria-atomic=\"true\"><\/p> <ul><\/ul><\/div>\n<form action=\"\/index.php?rest_route=%2Fwp%2Fv2%2Fpages%2F16#wpcf7-f39-o1\" method=\"post\" class=\"wpcf7-form init\" aria-label=\"Formulario de contacto\" novalidate=\"novalidate\" data-status=\"init\">\n<div style=\"display: none;\">\n<input type=\"hidden\" name=\"_wpcf7\" value=\"39\" \/>\n<input type=\"hidden\" name=\"_wpcf7_version\" value=\"5.9.8\" \/>\n<input type=\"hidden\" name=\"_wpcf7_locale\" value=\"es_ES\" \/>\n<input type=\"hidden\" name=\"_wpcf7_unit_tag\" value=\"wpcf7-f39-o1\" \/>\n<input type=\"hidden\" name=\"_wpcf7_container_post\" value=\"0\" \/>\n<input type=\"hidden\" name=\"_wpcf7_posted_data_hash\" value=\"\" \/>\n<\/div>\n<p><label> Nombre<br \/>\n<span class=\"wpcf7-form-control-wrap\" data-name=\"your-name\"><input size=\"40\" maxlength=\"400\" class=\"wpcf7-form-control wpcf7-text wpcf7-validates-as-required\" autocomplete=\"name\" aria-required=\"true\" aria-invalid=\"false\" value=\"\" type=\"text\" name=\"your-name\" \/><\/span> <\/label>\n<\/p>\n<p><label> Tu correo electr\u00f3nico<br \/>\n<span class=\"wpcf7-form-control-wrap\" data-name=\"your-email\"><input size=\"40\" maxlength=\"400\" class=\"wpcf7-form-control wpcf7-email wpcf7-validates-as-required wpcf7-text wpcf7-validates-as-email\" autocomplete=\"email\" aria-required=\"true\" aria-invalid=\"false\" value=\"\" type=\"email\" name=\"your-email\" \/><\/span> <\/label>\n<\/p>\n<p><label> Comentario o mensaje<br \/>\n<span class=\"wpcf7-form-control-wrap\" data-name=\"your-message\"><textarea cols=\"40\" rows=\"10\" maxlength=\"2000\" class=\"wpcf7-form-control wpcf7-textarea\" aria-invalid=\"false\" name=\"your-message\"><\/textarea><\/span> <\/label>\n<\/p>\n<p><input class=\"wpcf7-form-control wpcf7-submit has-spinner\" type=\"submit\" value=\"Enviar\" \/>\n<\/p><p style=\"display: none !important;\" class=\"akismet-fields-container\" data-prefix=\"_wpcf7_ak_\"><label>&#916;<textarea name=\"_wpcf7_ak_hp_textarea\" cols=\"45\" rows=\"8\" maxlength=\"100\"><\/textarea><\/label><input type=\"hidden\" id=\"ak_js_1\" name=\"_wpcf7_ak_js\" value=\"54\"\/><script>document.getElementById( \"ak_js_1\" ).setAttribute( \"value\", ( new Date() ).getTime() );<\/script><\/p><div class=\"wpcf7-response-output\" aria-hidden=\"true\"><\/div>\n<\/form>\n<\/div>\n<\/div>\n\n\n\n<p><\/p>\n","protected":false},"excerpt":{"rendered":"<p>Te invito desde ya a que dejes aqu\u00ed tus impresiones, tus ideas, tus p\u00e1jaros en la cabeza\u2026<\/p>\n","protected":false},"author":2,"featured_media":0,"parent":0,"menu_order":0,"comment_status":"closed","ping_status":"closed","template":"","meta":{"footnotes":""},"class_list":["post-16","page","type-page","status-publish","hentry"],"yoast_head":"<!-- This site is optimized with the Yoast SEO plugin v23.4 - https:\/\/yoast.com\/wordpress\/plugins\/seo\/ -->\n<title>Contacto - Los p\u00e1jaros de mi cabeza<\/title>\n<meta name=\"robots\" content=\"index, follow, max-snippet:-1, max-image-preview:large, max-video-preview:-1\" \/>\n<link rel=\"canonical\" href=\"https:\/\/lospajarosdemicabeza.com\/?page_id=16\" \/>\n<meta property=\"og:locale\" content=\"es_ES\" \/>\n<meta property=\"og:type\" content=\"article\" \/>\n<meta property=\"og:title\" content=\"Contacto - Los p\u00e1jaros de mi cabeza\" \/>\n<meta property=\"og:description\" content=\"Te invito desde ya a que dejes aqu\u00ed tus impresiones, tus ideas, tus p\u00e1jaros en la cabeza\u2026\" \/>\n<meta property=\"og:url\" content=\"https:\/\/lospajarosdemicabeza.com\/?page_id=16\" \/>\n<meta property=\"og:site_name\" content=\"Los p\u00e1jaros de mi cabeza\" \/>\n<meta property=\"article:modified_time\" content=\"2024-09-05T10:46:11+00:00\" \/>\n<meta name=\"twitter:card\" content=\"summary_large_image\" \/>\n<script type=\"application\/ld+json\" class=\"yoast-schema-graph\">{\"@context\":\"https:\/\/schema.org\",\"@graph\":[{\"@type\":\"WebPage\",\"@id\":\"https:\/\/lospajarosdemicabeza.com\/?page_id=16\",\"url\":\"https:\/\/lospajarosdemicabeza.com\/?page_id=16\",\"name\":\"Contacto - Los p\u00e1jaros de mi cabeza\",\"isPartOf\":{\"@id\":\"https:\/\/lospajarosdemicabeza.com\/#website\"},\"datePublished\":\"2024-09-05T09:21:32+00:00\",\"dateModified\":\"2024-09-05T10:46:11+00:00\",\"breadcrumb\":{\"@id\":\"https:\/\/lospajarosdemicabeza.com\/?page_id=16#breadcrumb\"},\"inLanguage\":\"es\",\"potentialAction\":[{\"@type\":\"ReadAction\",\"target\":[\"https:\/\/lospajarosdemicabeza.com\/?page_id=16\"]}]},{\"@type\":\"BreadcrumbList\",\"@id\":\"https:\/\/lospajarosdemicabeza.com\/?page_id=16#breadcrumb\",\"itemListElement\":[{\"@type\":\"ListItem\",\"position\":1,\"name\":\"Portada\",\"item\":\"https:\/\/lospajarosdemicabeza.com\/\"},{\"@type\":\"ListItem\",\"position\":2,\"name\":\"Contacto\"}]},{\"@type\":\"WebSite\",\"@id\":\"https:\/\/lospajarosdemicabeza.com\/#website\",\"url\":\"https:\/\/lospajarosdemicabeza.com\/\",\"name\":\"Los p\u00e1jaros de mi cabeza\",\"description\":\"andan por aqu\u00ed\",\"potentialAction\":[{\"@type\":\"SearchAction\",\"target\":{\"@type\":\"EntryPoint\",\"urlTemplate\":\"https:\/\/lospajarosdemicabeza.com\/?s={search_term_string}\"},\"query-input\":{\"@type\":\"PropertyValueSpecification\",\"valueRequired\":true,\"valueName\":\"search_term_string\"}}],\"inLanguage\":\"es\"}]}<\/script>\n<!-- \/ Yoast SEO plugin. -->","yoast_head_json":{"title":"Contacto - Los p\u00e1jaros de mi cabeza","robots":{"index":"index","follow":"follow","max-snippet":"max-snippet:-1","max-image-preview":"max-image-preview:large","max-video-preview":"max-video-preview:-1"},"canonical":"https:\/\/lospajarosdemicabeza.com\/?page_id=16","og_locale":"es_ES","og_type":"article","og_title":"Contacto - Los p\u00e1jaros de mi cabeza","og_description":"Te invito desde ya a que dejes aqu\u00ed tus impresiones, tus ideas, tus p\u00e1jaros en la cabeza\u2026","og_url":"https:\/\/lospajarosdemicabeza.com\/?page_id=16","og_site_name":"Los p\u00e1jaros de mi cabeza","article_modified_time":"2024-09-05T10:46:11+00:00","twitter_card":"summary_large_image","schema":{"@context":"https:\/\/schema.org","@graph":[{"@type":"WebPage","@id":"https:\/\/lospajarosdemicabeza.com\/?page_id=16","url":"https:\/\/lospajarosdemicabeza.com\/?page_id=16","name":"Contacto - Los p\u00e1jaros de mi cabeza","isPartOf":{"@id":"https:\/\/lospajarosdemicabeza.com\/#website"},"datePublished":"2024-09-05T09:21:32+00:00","dateModified":"2024-09-05T10:46:11+00:00","breadcrumb":{"@id":"https:\/\/lospajarosdemicabeza.com\/?page_id=16#breadcrumb"},"inLanguage":"es","potentialAction":[{"@type":"ReadAction","target":["https:\/\/lospajarosdemicabeza.com\/?page_id=16"]}]},{"@type":"BreadcrumbList","@id":"https:\/\/lospajarosdemicabeza.com\/?page_id=16#breadcrumb","itemListElement":[{"@type":"ListItem","position":1,"name":"Portada","item":"https:\/\/lospajarosdemicabeza.com\/"},{"@type":"ListItem","position":2,"name":"Contacto"}]},{"@type":"WebSite","@id":"https:\/\/lospajarosdemicabeza.com\/#website","url":"https:\/\/lospajarosdemicabeza.com\/","name":"Los p\u00e1jaros de mi cabeza","description":"andan por aqu\u00ed","potentialAction":[{"@type":"SearchAction","target":{"@type":"EntryPoint","urlTemplate":"https:\/\/lospajarosdemicabeza.com\/?s={search_term_string}"},"query-input":{"@type":"PropertyValueSpecification","valueRequired":true,"valueName":"search_term_string"}}],"inLanguage":"es"}]}},"_links":{"self":[{"href":"https:\/\/lospajarosdemicabeza.com\/index.php?rest_route=\/wp\/v2\/pages\/16","targetHints":{"allow":["GET"]}}],"collection":[{"href":"https:\/\/lospajarosdemicabeza.com\/index.php?rest_route=\/wp\/v2\/pages"}],"about":[{"href":"https:\/\/lospajarosdemicabeza.com\/index.php?rest_route=\/wp\/v2\/types\/page"}],"author":[{"embeddable":true,"href":"https:\/\/lospajarosdemicabeza.com\/index.php?rest_route=\/wp\/v2\/users\/2"}],"replies":[{"embeddable":true,"href":"https:\/\/lospajarosdemicabeza.com\/index.php?rest_route=%2Fwp%2Fv2%2Fcomments&post=16"}],"version-history":[{"count":3,"href":"https:\/\/lospajarosdemicabeza.com\/index.php?rest_route=\/wp\/v2\/pages\/16\/revisions"}],"predecessor-version":[{"id":41,"href":"https:\/\/lospajarosdemicabeza.com\/index.php?rest_route=\/wp\/v2\/pages\/16\/revisions\/41"}],"wp:attachment":[{"href":"https:\/\/lospajarosdemicabeza.com\/index.php?rest_route=%2Fwp%2Fv2%2Fmedia&parent=16"}],"curies":[{"name":"wp","href":"https:\/\/api.w.org\/{rel}","templated":true}]}}