{"id":14,"date":"2024-09-05T09:20:49","date_gmt":"2024-09-05T09:20:49","guid":{"rendered":"https:\/\/lospajarosdemicabeza.com\/?page_id=14"},"modified":"2024-09-05T10:39:27","modified_gmt":"2024-09-05T10:39:27","slug":"sobre-mi","status":"publish","type":"page","link":"https:\/\/lospajarosdemicabeza.com\/?page_id=14","title":{"rendered":"Sobre m\u00ed"},"content":{"rendered":"\n<p>\u00a1Por fin he encontrado un lugar donde dejar que mis p\u00e1jaros vuelen! Y lo har\u00e1n libres, pese a los nudos en la garganta y en el est\u00f3mago. Parecen invisibles, pero no lo son. Aqu\u00ed anhelan aprender a SER y a ESTAR. Revoloteando en libertad entre letras, ideas, suspiros, esperanzados por aliviar el peso del sentir y del caminar de los d\u00edas.<\/p>\n\n\n\n<p>Quiz\u00e1s te sientas representado por alguno de mis pajaritos. De ser as\u00ed, ojal\u00e1 que su vuelo consiga tambi\u00e9n aliviar tus momentos, y que el di\u00e1logo con tus p\u00e1jaros de la cabeza sea positivo para ambos.<\/p>\n\n\n\n<p>Gracias por estar por aqu\u00ed.<\/p>\n\n\n\n<figure class=\"wp-block-image size-large\"><img loading=\"lazy\" decoding=\"async\" width=\"1024\" height=\"420\" src=\"https:\/\/lospajarosdemicabeza.com\/wp-content\/uploads\/2024\/09\/Captura-de-Pantalla-2024-09-05-a-las-12.39.04-1024x420.png\" alt=\"\" class=\"wp-image-37\" srcset=\"https:\/\/lospajarosdemicabeza.com\/wp-content\/uploads\/2024\/09\/Captura-de-Pantalla-2024-09-05-a-las-12.39.04-1024x420.png 1024w, https:\/\/lospajarosdemicabeza.com\/wp-content\/uploads\/2024\/09\/Captura-de-Pantalla-2024-09-05-a-las-12.39.04-300x123.png 300w, https:\/\/lospajarosdemicabeza.com\/wp-content\/uploads\/2024\/09\/Captura-de-Pantalla-2024-09-05-a-las-12.39.04-768x315.png 768w, https:\/\/lospajarosdemicabeza.com\/wp-content\/uploads\/2024\/09\/Captura-de-Pantalla-2024-09-05-a-las-12.39.04-1536x630.png 1536w, https:\/\/lospajarosdemicabeza.com\/wp-content\/uploads\/2024\/09\/Captura-de-Pantalla-2024-09-05-a-las-12.39.04-604x248.png 604w, https:\/\/lospajarosdemicabeza.com\/wp-content\/uploads\/2024\/09\/Captura-de-Pantalla-2024-09-05-a-las-12.39.04.png 1980w\" sizes=\"auto, (max-width: 1024px) 100vw, 1024px\" \/><\/figure>\n","protected":false},"excerpt":{"rendered":"<p>\u00a1Por fin he encontrado un lugar donde dejar que mis p\u00e1jaros vuelen! Y lo har\u00e1n libres, pese a los nudos en la garganta y en el est\u00f3mago. Parecen invisibles, pero no lo son. Aqu\u00ed anhelan aprender a SER y a ESTAR. Revoloteando en libertad entre letras, ideas, suspiros, esperanzados por aliviar el peso del sentir y del caminar de los d\u00edas. Quiz\u00e1s te sientas representado por alguno de mis pajaritos. De ser as\u00ed, ojal\u00e1 que su vuelo consiga tambi\u00e9n aliviar&#8230;<\/p>\n<p class=\"read-more\"><a class=\"btn btn-default\" href=\"https:\/\/lospajarosdemicabeza.com\/?page_id=14\"> Leer m\u00e1s<span class=\"screen-reader-text\">  Leer m\u00e1s<\/span><\/a><\/p>\n","protected":false},"author":2,"featured_media":0,"parent":0,"menu_order":0,"comment_status":"closed","ping_status":"closed","template":"","meta":{"footnotes":""},"class_list":["post-14","page","type-page","status-publish","hentry"],"yoast_head":"<!-- This site is optimized with the Yoast SEO plugin v23.4 - https:\/\/yoast.com\/wordpress\/plugins\/seo\/ -->\n<title>Sobre m\u00ed - Los p\u00e1jaros de mi cabeza<\/title>\n<meta name=\"robots\" content=\"index, follow, max-snippet:-1, max-image-preview:large, max-video-preview:-1\" \/>\n<link rel=\"canonical\" href=\"https:\/\/lospajarosdemicabeza.com\/?page_id=14\" \/>\n<meta property=\"og:locale\" content=\"es_ES\" \/>\n<meta property=\"og:type\" content=\"article\" \/>\n<meta property=\"og:title\" content=\"Sobre m\u00ed - Los p\u00e1jaros de mi cabeza\" \/>\n<meta property=\"og:description\" content=\"\u00a1Por fin he encontrado un lugar donde dejar que mis p\u00e1jaros vuelen! Y lo har\u00e1n libres, pese a los nudos en la garganta y en el est\u00f3mago. Parecen invisibles, pero no lo son. Aqu\u00ed anhelan aprender a SER y a ESTAR. Revoloteando en libertad entre letras, ideas, suspiros, esperanzados por aliviar el peso del sentir y del caminar de los d\u00edas. Quiz\u00e1s te sientas representado por alguno de mis pajaritos. De ser as\u00ed, ojal\u00e1 que su vuelo consiga tambi\u00e9n aliviar... Leer m\u00e1s Leer m\u00e1s\" \/>\n<meta property=\"og:url\" content=\"https:\/\/lospajarosdemicabeza.com\/?page_id=14\" \/>\n<meta property=\"og:site_name\" content=\"Los p\u00e1jaros de mi cabeza\" \/>\n<meta property=\"article:modified_time\" content=\"2024-09-05T10:39:27+00:00\" \/>\n<meta property=\"og:image\" content=\"https:\/\/lospajarosdemicabeza.com\/wp-content\/uploads\/2024\/09\/Captura-de-Pantalla-2024-09-05-a-las-12.39.04-1024x420.png\" \/>\n<meta name=\"twitter:card\" content=\"summary_large_image\" \/>\n<meta name=\"twitter:label1\" content=\"Tiempo de lectura\" \/>\n\t<meta name=\"twitter:data1\" content=\"1 minuto\" \/>\n<script type=\"application\/ld+json\" class=\"yoast-schema-graph\">{\"@context\":\"https:\/\/schema.org\",\"@graph\":[{\"@type\":\"WebPage\",\"@id\":\"https:\/\/lospajarosdemicabeza.com\/?page_id=14\",\"url\":\"https:\/\/lospajarosdemicabeza.com\/?page_id=14\",\"name\":\"Sobre m\u00ed - Los p\u00e1jaros de mi cabeza\",\"isPartOf\":{\"@id\":\"https:\/\/lospajarosdemicabeza.com\/#website\"},\"primaryImageOfPage\":{\"@id\":\"https:\/\/lospajarosdemicabeza.com\/?page_id=14#primaryimage\"},\"image\":{\"@id\":\"https:\/\/lospajarosdemicabeza.com\/?page_id=14#primaryimage\"},\"thumbnailUrl\":\"https:\/\/lospajarosdemicabeza.com\/wp-content\/uploads\/2024\/09\/Captura-de-Pantalla-2024-09-05-a-las-12.39.04-1024x420.png\",\"datePublished\":\"2024-09-05T09:20:49+00:00\",\"dateModified\":\"2024-09-05T10:39:27+00:00\",\"breadcrumb\":{\"@id\":\"https:\/\/lospajarosdemicabeza.com\/?page_id=14#breadcrumb\"},\"inLanguage\":\"es\",\"potentialAction\":[{\"@type\":\"ReadAction\",\"target\":[\"https:\/\/lospajarosdemicabeza.com\/?page_id=14\"]}]},{\"@type\":\"ImageObject\",\"inLanguage\":\"es\",\"@id\":\"https:\/\/lospajarosdemicabeza.com\/?page_id=14#primaryimage\",\"url\":\"https:\/\/lospajarosdemicabeza.com\/wp-content\/uploads\/2024\/09\/Captura-de-Pantalla-2024-09-05-a-las-12.39.04.png\",\"contentUrl\":\"https:\/\/lospajarosdemicabeza.com\/wp-content\/uploads\/2024\/09\/Captura-de-Pantalla-2024-09-05-a-las-12.39.04.png\",\"width\":1980,\"height\":812},{\"@type\":\"BreadcrumbList\",\"@id\":\"https:\/\/lospajarosdemicabeza.com\/?page_id=14#breadcrumb\",\"itemListElement\":[{\"@type\":\"ListItem\",\"position\":1,\"name\":\"Portada\",\"item\":\"https:\/\/lospajarosdemicabeza.com\/\"},{\"@type\":\"ListItem\",\"position\":2,\"name\":\"Sobre m\u00ed\"}]},{\"@type\":\"WebSite\",\"@id\":\"https:\/\/lospajarosdemicabeza.com\/#website\",\"url\":\"https:\/\/lospajarosdemicabeza.com\/\",\"name\":\"Los p\u00e1jaros de mi cabeza\",\"description\":\"andan por aqu\u00ed\",\"potentialAction\":[{\"@type\":\"SearchAction\",\"target\":{\"@type\":\"EntryPoint\",\"urlTemplate\":\"https:\/\/lospajarosdemicabeza.com\/?s={search_term_string}\"},\"query-input\":{\"@type\":\"PropertyValueSpecification\",\"valueRequired\":true,\"valueName\":\"search_term_string\"}}],\"inLanguage\":\"es\"}]}<\/script>\n<!-- \/ Yoast SEO plugin. -->","yoast_head_json":{"title":"Sobre m\u00ed - Los p\u00e1jaros de mi cabeza","robots":{"index":"index","follow":"follow","max-snippet":"max-snippet:-1","max-image-preview":"max-image-preview:large","max-video-preview":"max-video-preview:-1"},"canonical":"https:\/\/lospajarosdemicabeza.com\/?page_id=14","og_locale":"es_ES","og_type":"article","og_title":"Sobre m\u00ed - Los p\u00e1jaros de mi cabeza","og_description":"\u00a1Por fin he encontrado un lugar donde dejar que mis p\u00e1jaros vuelen! Y lo har\u00e1n libres, pese a los nudos en la garganta y en el est\u00f3mago. Parecen invisibles, pero no lo son. Aqu\u00ed anhelan aprender a SER y a ESTAR. Revoloteando en libertad entre letras, ideas, suspiros, esperanzados por aliviar el peso del sentir y del caminar de los d\u00edas. Quiz\u00e1s te sientas representado por alguno de mis pajaritos. De ser as\u00ed, ojal\u00e1 que su vuelo consiga tambi\u00e9n aliviar... Leer m\u00e1s Leer m\u00e1s","og_url":"https:\/\/lospajarosdemicabeza.com\/?page_id=14","og_site_name":"Los p\u00e1jaros de mi cabeza","article_modified_time":"2024-09-05T10:39:27+00:00","og_image":[{"url":"https:\/\/lospajarosdemicabeza.com\/wp-content\/uploads\/2024\/09\/Captura-de-Pantalla-2024-09-05-a-las-12.39.04-1024x420.png"}],"twitter_card":"summary_large_image","twitter_misc":{"Tiempo de lectura":"1 minuto"},"schema":{"@context":"https:\/\/schema.org","@graph":[{"@type":"WebPage","@id":"https:\/\/lospajarosdemicabeza.com\/?page_id=14","url":"https:\/\/lospajarosdemicabeza.com\/?page_id=14","name":"Sobre m\u00ed - Los p\u00e1jaros de mi cabeza","isPartOf":{"@id":"https:\/\/lospajarosdemicabeza.com\/#website"},"primaryImageOfPage":{"@id":"https:\/\/lospajarosdemicabeza.com\/?page_id=14#primaryimage"},"image":{"@id":"https:\/\/lospajarosdemicabeza.com\/?page_id=14#primaryimage"},"thumbnailUrl":"https:\/\/lospajarosdemicabeza.com\/wp-content\/uploads\/2024\/09\/Captura-de-Pantalla-2024-09-05-a-las-12.39.04-1024x420.png","datePublished":"2024-09-05T09:20:49+00:00","dateModified":"2024-09-05T10:39:27+00:00","breadcrumb":{"@id":"https:\/\/lospajarosdemicabeza.com\/?page_id=14#breadcrumb"},"inLanguage":"es","potentialAction":[{"@type":"ReadAction","target":["https:\/\/lospajarosdemicabeza.com\/?page_id=14"]}]},{"@type":"ImageObject","inLanguage":"es","@id":"https:\/\/lospajarosdemicabeza.com\/?page_id=14#primaryimage","url":"https:\/\/lospajarosdemicabeza.com\/wp-content\/uploads\/2024\/09\/Captura-de-Pantalla-2024-09-05-a-las-12.39.04.png","contentUrl":"https:\/\/lospajarosdemicabeza.com\/wp-content\/uploads\/2024\/09\/Captura-de-Pantalla-2024-09-05-a-las-12.39.04.png","width":1980,"height":812},{"@type":"BreadcrumbList","@id":"https:\/\/lospajarosdemicabeza.com\/?page_id=14#breadcrumb","itemListElement":[{"@type":"ListItem","position":1,"name":"Portada","item":"https:\/\/lospajarosdemicabeza.com\/"},{"@type":"ListItem","position":2,"name":"Sobre m\u00ed"}]},{"@type":"WebSite","@id":"https:\/\/lospajarosdemicabeza.com\/#website","url":"https:\/\/lospajarosdemicabeza.com\/","name":"Los p\u00e1jaros de mi cabeza","description":"andan por aqu\u00ed","potentialAction":[{"@type":"SearchAction","target":{"@type":"EntryPoint","urlTemplate":"https:\/\/lospajarosdemicabeza.com\/?s={search_term_string}"},"query-input":{"@type":"PropertyValueSpecification","valueRequired":true,"valueName":"search_term_string"}}],"inLanguage":"es"}]}},"_links":{"self":[{"href":"https:\/\/lospajarosdemicabeza.com\/index.php?rest_route=\/wp\/v2\/pages\/14","targetHints":{"allow":["GET"]}}],"collection":[{"href":"https:\/\/lospajarosdemicabeza.com\/index.php?rest_route=\/wp\/v2\/pages"}],"about":[{"href":"https:\/\/lospajarosdemicabeza.com\/index.php?rest_route=\/wp\/v2\/types\/page"}],"author":[{"embeddable":true,"href":"https:\/\/lospajarosdemicabeza.com\/index.php?rest_route=\/wp\/v2\/users\/2"}],"replies":[{"embeddable":true,"href":"https:\/\/lospajarosdemicabeza.com\/index.php?rest_route=%2Fwp%2Fv2%2Fcomments&post=14"}],"version-history":[{"count":2,"href":"https:\/\/lospajarosdemicabeza.com\/index.php?rest_route=\/wp\/v2\/pages\/14\/revisions"}],"predecessor-version":[{"id":38,"href":"https:\/\/lospajarosdemicabeza.com\/index.php?rest_route=\/wp\/v2\/pages\/14\/revisions\/38"}],"wp:attachment":[{"href":"https:\/\/lospajarosdemicabeza.com\/index.php?rest_route=%2Fwp%2Fv2%2Fmedia&parent=14"}],"curies":[{"name":"wp","href":"https:\/\/api.w.org\/{rel}","templated":true}]}}